{"id":2134,"date":"2025-09-18T01:15:35","date_gmt":"2025-09-17T23:15:35","guid":{"rendered":"https:\/\/funerar.com.ar\/demo\/?page_id=2134"},"modified":"2025-09-18T01:17:27","modified_gmt":"2025-09-17T23:17:27","slug":"politicas-de-datos","status":"publish","type":"page","link":"https:\/\/funerar.com.ar\/demo\/politicas-de-datos\/","title":{"rendered":"Politicas de Datos"},"content":{"rendered":"\t\t<div data-elementor-type=\"wp-page\" data-elementor-id=\"2134\" class=\"elementor elementor-2134\" data-elementor-settings=\"{&quot;element_pack_global_tooltip_width&quot;:{&quot;unit&quot;:&quot;px&quot;,&quot;size&quot;:&quot;&quot;,&quot;sizes&quot;:[]},&quot;element_pack_global_tooltip_width_tablet&quot;:{&quot;unit&quot;:&quot;px&quot;,&quot;size&quot;:&quot;&quot;,&quot;sizes&quot;:[]},&quot;element_pack_global_tooltip_width_mobile&quot;:{&quot;unit&quot;:&quot;px&quot;,&quot;size&quot;:&quot;&quot;,&quot;sizes&quot;:[]},&quot;element_pack_global_tooltip_padding&quot;:{&quot;unit&quot;:&quot;px&quot;,&quot;top&quot;:&quot;&quot;,&quot;right&quot;:&quot;&quot;,&quot;bottom&quot;:&quot;&quot;,&quot;left&quot;:&quot;&quot;,&quot;isLinked&quot;:true},&quot;element_pack_global_tooltip_padding_tablet&quot;:{&quot;unit&quot;:&quot;px&quot;,&quot;top&quot;:&quot;&quot;,&quot;right&quot;:&quot;&quot;,&quot;bottom&quot;:&quot;&quot;,&quot;left&quot;:&quot;&quot;,&quot;isLinked&quot;:true},&quot;element_pack_global_tooltip_padding_mobile&quot;:{&quot;unit&quot;:&quot;px&quot;,&quot;top&quot;:&quot;&quot;,&quot;right&quot;:&quot;&quot;,&quot;bottom&quot;:&quot;&quot;,&quot;left&quot;:&quot;&quot;,&quot;isLinked&quot;:true},&quot;element_pack_global_tooltip_border_radius&quot;:{&quot;unit&quot;:&quot;px&quot;,&quot;top&quot;:&quot;&quot;,&quot;right&quot;:&quot;&quot;,&quot;bottom&quot;:&quot;&quot;,&quot;left&quot;:&quot;&quot;,&quot;isLinked&quot;:true},&quot;element_pack_global_tooltip_border_radius_tablet&quot;:{&quot;unit&quot;:&quot;px&quot;,&quot;top&quot;:&quot;&quot;,&quot;right&quot;:&quot;&quot;,&quot;bottom&quot;:&quot;&quot;,&quot;left&quot;:&quot;&quot;,&quot;isLinked&quot;:true},&quot;element_pack_global_tooltip_border_radius_mobile&quot;:{&quot;unit&quot;:&quot;px&quot;,&quot;top&quot;:&quot;&quot;,&quot;right&quot;:&quot;&quot;,&quot;bottom&quot;:&quot;&quot;,&quot;left&quot;:&quot;&quot;,&quot;isLinked&quot;:true}}\" data-elementor-post-type=\"page\">\n\t\t\t\t<div class=\"elementor-element elementor-element-2ad42ff e-flex e-con-boxed e-con e-parent\" data-id=\"2ad42ff\" data-element_type=\"container\" data-e-type=\"container\">\n\t\t\t\t\t<div class=\"e-con-inner\">\n\t\t\t\t<div class=\"elementor-element elementor-element-b3dccaf elementor-widget elementor-widget-text-editor\" data-id=\"b3dccaf\" data-element_type=\"widget\" data-e-type=\"widget\" data-widget_type=\"text-editor.default\">\n\t\t\t\t<div class=\"elementor-widget-container\">\n\t\t\t\t\t\t\t\t\t<h3>Pol\u00edticas de Protecci\u00f3n de Datos<\/h3><p>\u00a0<\/p><hr \/><p>Bienvenido\/a a Galeria Fadedsfya. Valoramos la confianza que depositas en nosotros al utilizar nuestra plataforma. A trav\u00e9s de las siguientes pol\u00edticas, te explicamos c\u00f3mo recolectamos, usamos y protegemos tus datos personales.<\/p><p><b>1. Responsable del Tratamiento de Datos<\/b><\/p><p>El responsable del tratamiento de tus datos personales es Galeria Fadedsfya. Sin embargo, en el marco de la compra de productos, los vendedores que operan en nuestro marketplace tambi\u00e9n podr\u00e1n tener acceso a ciertos datos necesarios para la gesti\u00f3n de tu pedido (ej. nombre, direcci\u00f3n de env\u00edo). Ellos son responsables del tratamiento de dichos datos para los fines espec\u00edficos de la venta.<\/p><p><b>2. \u00bfQu\u00e9 datos recolectamos y para qu\u00e9 los usamos?<\/b><\/p><p>Recolectamos los siguientes datos para los fines que se detallan a continuaci\u00f3n:<\/p><ul><li><p><b>Datos de identificaci\u00f3n y contacto:<\/b> Nombre completo, direcci\u00f3n de correo electr\u00f3nico, n\u00famero de tel\u00e9fono.<\/p><ul><li><p><b>Finalidad:<\/b> Creaci\u00f3n y gesti\u00f3n de tu cuenta de usuario, comunicaci\u00f3n de novedades, promociones y atenci\u00f3n al cliente.<\/p><\/li><\/ul><\/li><li><p><b>Datos de env\u00edo y facturaci\u00f3n:<\/b> Direcci\u00f3n completa, DNI\/CUIT.<\/p><ul><li><p><b>Finalidad:<\/b> Gesti\u00f3n de los pedidos que realizas a los vendedores, emisi\u00f3n de facturas y coordinaci\u00f3n de env\u00edos.<\/p><\/li><\/ul><\/li><li><p><b>Datos de pago:<\/b> No almacenamos informaci\u00f3n de tarjetas de cr\u00e9dito o d\u00e9bito. La gesti\u00f3n de pagos se realiza a trav\u00e9s de terceros (ej. Mercado Pago, u otra plataforma de pago) que cumplen con los m\u00e1s altos est\u00e1ndares de seguridad.<\/p><ul><li><p><b>Finalidad:<\/b> Procesamiento de pagos de forma segura.<\/p><\/li><\/ul><\/li><li><p><b>Datos de navegaci\u00f3n:<\/b> Direcci\u00f3n IP, tipo de navegador, sistema operativo, p\u00e1ginas visitadas dentro de nuestro sitio.<\/p><ul><li><p><b>Finalidad:<\/b> Mejora de la experiencia de usuario, an\u00e1lisis de tendencias y optimizaci\u00f3n de nuestra plataforma.<\/p><\/li><\/ul><\/li><\/ul><p><b>3. \u00bfCon qui\u00e9nes compartimos tus datos?<\/b><\/p><p>Tus datos personales son compartidos, bajo estricto control, con:<\/p><ul><li><p><b>Vendedores:<\/b> Compartimos tu nombre, direcci\u00f3n y n\u00famero de tel\u00e9fono con los vendedores para que puedan procesar y enviar tus pedidos.<\/p><\/li><li><p><b>Proveedores de servicios:<\/b> Compartimos tus datos con terceros que nos ayudan a operar nuestra plataforma, como servicios de procesamiento de pagos, mensajer\u00eda, an\u00e1lisis de datos y marketing.<\/p><\/li><li><p><b>Autoridades competentes:<\/b> En caso de ser requerido por una orden judicial o normativa vigente.<\/p><\/li><\/ul><p><b>4. Tus derechos<\/b><\/p><p>Puedes ejercer los derechos de <b>acceso, rectificaci\u00f3n, cancelaci\u00f3n y oposici\u00f3n<\/b> sobre tus datos personales. Para hacerlo, puedes enviarnos una solicitud a [insertar direcci\u00f3n de correo electr\u00f3nico]. Responderemos a tu solicitud en el plazo legal establecido.<\/p><p><b>5. Medidas de seguridad<\/b><\/p><p>Nos comprometemos a proteger la informaci\u00f3n que nos proporcionas. Hemos implementado medidas de seguridad t\u00e9cnicas y organizativas para proteger tus datos contra el acceso no autorizado, la p\u00e9rdida, el uso indebido o la alteraci\u00f3n.<\/p>\t\t\t\t\t\t\t\t<\/div>\n\t\t\t\t<\/div>\n\t\t\t\t\t<\/div>\n\t\t\t\t<\/div>\n\t\t\t\t<\/div>\n\t\t","protected":false},"excerpt":{"rendered":"<p>Pol\u00edticas de Protecci\u00f3n de Datos \u00a0 Bienvenido\/a a Galeria Fadedsfya. Valoramos la confianza que depositas en nosotros al utilizar nuestra plataforma. A trav\u00e9s de las siguientes pol\u00edticas, te explicamos c\u00f3mo recolectamos, usamos y protegemos tus datos personales. 1. Responsable del Tratamiento de Datos El responsable del tratamiento de tus datos personales es Galeria Fadedsfya. Sin [&hellip;]<\/p>\n","protected":false},"author":1,"featured_media":0,"parent":0,"menu_order":0,"comment_status":"closed","ping_status":"closed","template":"","meta":{"site-sidebar-layout":"no-sidebar","site-content-layout":"page-builder","ast-site-content-layout":"full-width-container","site-content-style":"default","site-sidebar-style":"default","ast-global-header-display":"","ast-banner-title-visibility":"","ast-main-header-display":"","ast-hfb-above-header-display":"","ast-hfb-below-header-display":"","ast-hfb-mobile-header-display":"","site-post-title":"disabled","ast-breadcrumbs-content":"","ast-featured-img":"disabled","footer-sml-layout":"","ast-disable-related-posts":"","theme-transparent-header-meta":"","adv-header-id-meta":"","stick-header-meta":"","header-above-stick-meta":"","header-main-stick-meta":"","header-below-stick-meta":"","astra-migrate-meta-layouts":"set","ast-page-background-enabled":"default","ast-page-background-meta":{"desktop":{"background-color":"var(--ast-global-color-4)","background-image":"","background-repeat":"repeat","background-position":"center center","background-size":"auto","background-attachment":"scroll","background-type":"","background-media":"","overlay-type":"","overlay-color":"","overlay-opacity":"","overlay-gradient":""},"tablet":{"background-color":"","background-image":"","background-repeat":"repeat","background-position":"center center","background-size":"auto","background-attachment":"scroll","background-type":"","background-media":"","overlay-type":"","overlay-color":"","overlay-opacity":"","overlay-gradient":""},"mobile":{"background-color":"","background-image":"","background-repeat":"repeat","background-position":"center center","background-size":"auto","background-attachment":"scroll","background-type":"","background-media":"","overlay-type":"","overlay-color":"","overlay-opacity":"","overlay-gradient":""}},"ast-content-background-meta":{"desktop":{"background-color":"var(--ast-global-color-5)","background-image":"","background-repeat":"repeat","background-position":"center center","background-size":"auto","background-attachment":"scroll","background-type":"","background-media":"","overlay-type":"","overlay-color":"","overlay-opacity":"","overlay-gradient":""},"tablet":{"background-color":"var(--ast-global-color-5)","background-image":"","background-repeat":"repeat","background-position":"center center","background-size":"auto","background-attachment":"scroll","background-type":"","background-media":"","overlay-type":"","overlay-color":"","overlay-opacity":"","overlay-gradient":""},"mobile":{"background-color":"var(--ast-global-color-5)","background-image":"","background-repeat":"repeat","background-position":"center center","background-size":"auto","background-attachment":"scroll","background-type":"","background-media":"","overlay-type":"","overlay-color":"","overlay-opacity":"","overlay-gradient":""}},"footnotes":""},"class_list":["post-2134","page","type-page","status-publish","hentry"],"_links":{"self":[{"href":"https:\/\/funerar.com.ar\/demo\/wp-json\/wp\/v2\/pages\/2134","targetHints":{"allow":["GET"]}}],"collection":[{"href":"https:\/\/funerar.com.ar\/demo\/wp-json\/wp\/v2\/pages"}],"about":[{"href":"https:\/\/funerar.com.ar\/demo\/wp-json\/wp\/v2\/types\/page"}],"author":[{"embeddable":true,"href":"https:\/\/funerar.com.ar\/demo\/wp-json\/wp\/v2\/users\/1"}],"replies":[{"embeddable":true,"href":"https:\/\/funerar.com.ar\/demo\/wp-json\/wp\/v2\/comments?post=2134"}],"version-history":[{"count":4,"href":"https:\/\/funerar.com.ar\/demo\/wp-json\/wp\/v2\/pages\/2134\/revisions"}],"predecessor-version":[{"id":2138,"href":"https:\/\/funerar.com.ar\/demo\/wp-json\/wp\/v2\/pages\/2134\/revisions\/2138"}],"wp:attachment":[{"href":"https:\/\/funerar.com.ar\/demo\/wp-json\/wp\/v2\/media?parent=2134"}],"curies":[{"name":"wp","href":"https:\/\/api.w.org\/{rel}","templated":true}]}}