{"id":2144,"date":"2025-09-18T01:19:30","date_gmt":"2025-09-17T23:19:30","guid":{"rendered":"https:\/\/funerar.com.ar\/demo\/?page_id=2144"},"modified":"2025-09-18T01:20:29","modified_gmt":"2025-09-17T23:20:29","slug":"politicas-de-devolucion","status":"publish","type":"page","link":"https:\/\/funerar.com.ar\/demo\/politicas-de-devolucion\/","title":{"rendered":"Politicas de Devolucion"},"content":{"rendered":"\t\t<div data-elementor-type=\"wp-page\" data-elementor-id=\"2144\" class=\"elementor elementor-2144\" data-elementor-settings=\"{&quot;element_pack_global_tooltip_width&quot;:{&quot;unit&quot;:&quot;px&quot;,&quot;size&quot;:&quot;&quot;,&quot;sizes&quot;:[]},&quot;element_pack_global_tooltip_width_tablet&quot;:{&quot;unit&quot;:&quot;px&quot;,&quot;size&quot;:&quot;&quot;,&quot;sizes&quot;:[]},&quot;element_pack_global_tooltip_width_mobile&quot;:{&quot;unit&quot;:&quot;px&quot;,&quot;size&quot;:&quot;&quot;,&quot;sizes&quot;:[]},&quot;element_pack_global_tooltip_padding&quot;:{&quot;unit&quot;:&quot;px&quot;,&quot;top&quot;:&quot;&quot;,&quot;right&quot;:&quot;&quot;,&quot;bottom&quot;:&quot;&quot;,&quot;left&quot;:&quot;&quot;,&quot;isLinked&quot;:true},&quot;element_pack_global_tooltip_padding_tablet&quot;:{&quot;unit&quot;:&quot;px&quot;,&quot;top&quot;:&quot;&quot;,&quot;right&quot;:&quot;&quot;,&quot;bottom&quot;:&quot;&quot;,&quot;left&quot;:&quot;&quot;,&quot;isLinked&quot;:true},&quot;element_pack_global_tooltip_padding_mobile&quot;:{&quot;unit&quot;:&quot;px&quot;,&quot;top&quot;:&quot;&quot;,&quot;right&quot;:&quot;&quot;,&quot;bottom&quot;:&quot;&quot;,&quot;left&quot;:&quot;&quot;,&quot;isLinked&quot;:true},&quot;element_pack_global_tooltip_border_radius&quot;:{&quot;unit&quot;:&quot;px&quot;,&quot;top&quot;:&quot;&quot;,&quot;right&quot;:&quot;&quot;,&quot;bottom&quot;:&quot;&quot;,&quot;left&quot;:&quot;&quot;,&quot;isLinked&quot;:true},&quot;element_pack_global_tooltip_border_radius_tablet&quot;:{&quot;unit&quot;:&quot;px&quot;,&quot;top&quot;:&quot;&quot;,&quot;right&quot;:&quot;&quot;,&quot;bottom&quot;:&quot;&quot;,&quot;left&quot;:&quot;&quot;,&quot;isLinked&quot;:true},&quot;element_pack_global_tooltip_border_radius_mobile&quot;:{&quot;unit&quot;:&quot;px&quot;,&quot;top&quot;:&quot;&quot;,&quot;right&quot;:&quot;&quot;,&quot;bottom&quot;:&quot;&quot;,&quot;left&quot;:&quot;&quot;,&quot;isLinked&quot;:true}}\" data-elementor-post-type=\"page\">\n\t\t\t\t<div class=\"elementor-element elementor-element-c6a6241 e-flex e-con-boxed e-con e-parent\" data-id=\"c6a6241\" data-element_type=\"container\" data-e-type=\"container\">\n\t\t\t\t\t<div class=\"e-con-inner\">\n\t\t\t\t<div class=\"elementor-element elementor-element-37da9f6 elementor-widget elementor-widget-text-editor\" data-id=\"37da9f6\" data-element_type=\"widget\" data-e-type=\"widget\" data-widget_type=\"text-editor.default\">\n\t\t\t\t<div class=\"elementor-widget-container\">\n\t\t\t\t\t\t\t\t\t<h3>Pol\u00edticas de Devoluci\u00f3n<\/h3><p>\u00a0<\/p><hr \/><p>En Galeria Fadedsfya, buscamos que tu experiencia de compra sea excelente. A continuaci\u00f3n, te explicamos c\u00f3mo funciona el proceso de devoluci\u00f3n, teniendo en cuenta que cada vendedor tiene sus propias pol\u00edticas.<\/p><p><b>1. Responsabilidad de la Venta<\/b><\/p><p>Galeria Fadedsfya act\u00faa como un intermediario entre t\u00fa, el comprador, y los vendedores que tienen tiendas en nuestra plataforma. <b>La venta se realiza por cuenta y orden de cada vendedor.<\/b> Por lo tanto, cada vendedor es el \u00fanico responsable de la calidad, garant\u00eda y de las pol\u00edticas de devoluci\u00f3n de los productos que ofrece.<\/p><p><b>2. Pol\u00edticas de Devoluci\u00f3n de los Vendedores<\/b><\/p><p>Cada vendedor debe exhibir de manera clara en su tienda sus propias pol\u00edticas de devoluci\u00f3n. <b>Antes de realizar una compra, te recomendamos leer y entender las pol\u00edticas de devoluci\u00f3n del vendedor en particular.<\/b> Estas pueden variar en cuanto a plazos, condiciones y m\u00e9todos de devoluci\u00f3n.<\/p><p><b>3. Proceso General de Devoluci\u00f3n<\/b><\/p><p>Si deseas iniciar una devoluci\u00f3n, debes seguir los siguientes pasos:<\/p><ol start=\"1\"><li><p><b>Contacta al vendedor:<\/b> Comun\u00edcate directamente con el vendedor a trav\u00e9s de la mensajer\u00eda de Galeria Fadedsfya, o por los medios de contacto que \u00e9l indique, en el plazo establecido en su pol\u00edtica de devoluci\u00f3n.<\/p><\/li><li><p><b>Exp\u00f3n tu caso:<\/b> Indica el motivo de la devoluci\u00f3n y adjunta la informaci\u00f3n necesaria (ej. fotos del producto).<\/p><\/li><li><p><b>Sigue las instrucciones del vendedor:<\/b> El vendedor te guiar\u00e1 sobre c\u00f3mo y d\u00f3nde enviar el producto para su devoluci\u00f3n.<\/p><\/li><li><p><b>Confirmaci\u00f3n y reembolso:<\/b> Una vez que el vendedor reciba y verifique el estado del producto, proceder\u00e1 al reembolso del dinero, seg\u00fan lo acordado en su pol\u00edtica.<\/p><\/li><\/ol><p><b>4. Asistencia de Galeria Fadedsfya<\/b><\/p><p>Galeria Fadedsfya puede intervenir para mediar en caso de que surja un conflicto entre el comprador y el vendedor, siempre que el comprador haya cumplido con los plazos y procesos establecidos. Sin embargo, <b>nuestra responsabilidad se limita a la gesti\u00f3n de la plataforma y no a la calidad o devoluci\u00f3n del producto en s\u00ed.<\/b><\/p>\t\t\t\t\t\t\t\t<\/div>\n\t\t\t\t<\/div>\n\t\t\t\t\t<\/div>\n\t\t\t\t<\/div>\n\t\t\t\t<\/div>\n\t\t","protected":false},"excerpt":{"rendered":"<p>Pol\u00edticas de Devoluci\u00f3n \u00a0 En Galeria Fadedsfya, buscamos que tu experiencia de compra sea excelente. A continuaci\u00f3n, te explicamos c\u00f3mo funciona el proceso de devoluci\u00f3n, teniendo en cuenta que cada vendedor tiene sus propias pol\u00edticas. 1. Responsabilidad de la Venta Galeria Fadedsfya act\u00faa como un intermediario entre t\u00fa, el comprador, y los vendedores que tienen [&hellip;]<\/p>\n","protected":false},"author":1,"featured_media":0,"parent":0,"menu_order":0,"comment_status":"closed","ping_status":"closed","template":"","meta":{"site-sidebar-layout":"no-sidebar","site-content-layout":"page-builder","ast-site-content-layout":"full-width-container","site-content-style":"default","site-sidebar-style":"default","ast-global-header-display":"","ast-banner-title-visibility":"","ast-main-header-display":"","ast-hfb-above-header-display":"","ast-hfb-below-header-display":"","ast-hfb-mobile-header-display":"","site-post-title":"disabled","ast-breadcrumbs-content":"","ast-featured-img":"disabled","footer-sml-layout":"","ast-disable-related-posts":"","theme-transparent-header-meta":"","adv-header-id-meta":"","stick-header-meta":"","header-above-stick-meta":"","header-main-stick-meta":"","header-below-stick-meta":"","astra-migrate-meta-layouts":"set","ast-page-background-enabled":"default","ast-page-background-meta":{"desktop":{"background-color":"var(--ast-global-color-4)","background-image":"","background-repeat":"repeat","background-position":"center center","background-size":"auto","background-attachment":"scroll","background-type":"","background-media":"","overlay-type":"","overlay-color":"","overlay-opacity":"","overlay-gradient":""},"tablet":{"background-color":"","background-image":"","background-repeat":"repeat","background-position":"center center","background-size":"auto","background-attachment":"scroll","background-type":"","background-media":"","overlay-type":"","overlay-color":"","overlay-opacity":"","overlay-gradient":""},"mobile":{"background-color":"","background-image":"","background-repeat":"repeat","background-position":"center center","background-size":"auto","background-attachment":"scroll","background-type":"","background-media":"","overlay-type":"","overlay-color":"","overlay-opacity":"","overlay-gradient":""}},"ast-content-background-meta":{"desktop":{"background-color":"var(--ast-global-color-5)","background-image":"","background-repeat":"repeat","background-position":"center center","background-size":"auto","background-attachment":"scroll","background-type":"","background-media":"","overlay-type":"","overlay-color":"","overlay-opacity":"","overlay-gradient":""},"tablet":{"background-color":"var(--ast-global-color-5)","background-image":"","background-repeat":"repeat","background-position":"center center","background-size":"auto","background-attachment":"scroll","background-type":"","background-media":"","overlay-type":"","overlay-color":"","overlay-opacity":"","overlay-gradient":""},"mobile":{"background-color":"var(--ast-global-color-5)","background-image":"","background-repeat":"repeat","background-position":"center center","background-size":"auto","background-attachment":"scroll","background-type":"","background-media":"","overlay-type":"","overlay-color":"","overlay-opacity":"","overlay-gradient":""}},"footnotes":""},"class_list":["post-2144","page","type-page","status-publish","hentry"],"_links":{"self":[{"href":"https:\/\/funerar.com.ar\/demo\/wp-json\/wp\/v2\/pages\/2144","targetHints":{"allow":["GET"]}}],"collection":[{"href":"https:\/\/funerar.com.ar\/demo\/wp-json\/wp\/v2\/pages"}],"about":[{"href":"https:\/\/funerar.com.ar\/demo\/wp-json\/wp\/v2\/types\/page"}],"author":[{"embeddable":true,"href":"https:\/\/funerar.com.ar\/demo\/wp-json\/wp\/v2\/users\/1"}],"replies":[{"embeddable":true,"href":"https:\/\/funerar.com.ar\/demo\/wp-json\/wp\/v2\/comments?post=2144"}],"version-history":[{"count":4,"href":"https:\/\/funerar.com.ar\/demo\/wp-json\/wp\/v2\/pages\/2144\/revisions"}],"predecessor-version":[{"id":2148,"href":"https:\/\/funerar.com.ar\/demo\/wp-json\/wp\/v2\/pages\/2144\/revisions\/2148"}],"wp:attachment":[{"href":"https:\/\/funerar.com.ar\/demo\/wp-json\/wp\/v2\/media?parent=2144"}],"curies":[{"name":"wp","href":"https:\/\/api.w.org\/{rel}","templated":true}]}}