{"id":2070,"date":"2025-09-15T13:48:13","date_gmt":"2025-09-15T11:48:13","guid":{"rendered":"https:\/\/funerar.com.ar\/demo\/product\/ataud-deniz\/"},"modified":"2025-09-15T13:48:13","modified_gmt":"2025-09-15T11:48:13","slug":"ataud-deniz","status":"publish","type":"product","link":"https:\/\/funerar.com.ar\/demo\/product\/ataud-deniz\/","title":{"rendered":"Ataud Deniz"},"content":{"rendered":"<p><span>Yinelenen bir sayfa i\u00e7eri\u011finin okuyucunun dikkatini da\u011f\u0131tt\u0131\u011f\u0131 bilinen bir ger\u00e7ektir. Lorem Ipsum kullanman\u0131n amac\u0131, s\u00fcrekli &#8216;buraya metin gelecek, buraya metin gelecek&#8217; yazmaya k\u0131yasla daha dengeli bir harf da\u011f\u0131l\u0131m\u0131 sa\u011flayarak okunurlu\u011fu art\u0131rmas\u0131d\u0131r. \u015eu anda bir\u00e7ok masa\u00fcst\u00fc yay\u0131nc\u0131l\u0131k paketi ve web sayfa d\u00fczenleyicisi, varsay\u0131lan m\u0131g\u0131r metinler olarak Lorem Ipsum kullanmaktad\u0131r. Ayr\u0131ca arama motorlar\u0131nda &#8216;lorem ipsum&#8217; anahtar s\u00f6zc\u00fckleri ile arama yap\u0131ld\u0131\u011f\u0131nda hen\u00fcz tasar\u0131m a\u015famas\u0131nda olan \u00e7ok say\u0131da site listelenir. Y\u0131llar i\u00e7inde, bazen kazara, bazen bilin\u00e7li olarak (\u00f6rne\u011fin mizah kat\u0131larak), \u00e7e\u015fitli s\u00fcr\u00fcmleri geli\u015ftirilmi\u015ftir.<\/span><\/p>\n","protected":false},"excerpt":{"rendered":"<p><span>Yinelenen bir sayfa i\u00e7eri\u011finin okuyucunun dikkatini da\u011f\u0131tt\u0131\u011f\u0131 bilinen bir ger\u00e7ektir. Lorem Ipsum kullanman\u0131n amac\u0131, s\u00fcrekli &#8216;buraya metin gelecek, buraya metin gelecek&#8217; yazmaya k\u0131yasla daha dengeli bir harf da\u011f\u0131l\u0131m\u0131 sa\u011flayarak okunurlu\u011fu art\u0131rmas\u0131d\u0131r<\/span><\/p>\n","protected":false},"featured_media":2069,"comment_status":"open","ping_status":"closed","template":"","meta":{"site-sidebar-layout":"default","site-content-layout":"","ast-site-content-layout":"default","site-content-style":"default","site-sidebar-style":"default","ast-global-header-display":"","ast-banner-title-visibility":"","ast-main-header-display":"","ast-hfb-above-header-display":"","ast-hfb-below-header-display":"","ast-hfb-mobile-header-display":"","site-post-title":"","ast-breadcrumbs-content":"","ast-featured-img":"","footer-sml-layout":"","ast-disable-related-posts":"","theme-transparent-header-meta":"","adv-header-id-meta":"","stick-header-meta":"","header-above-stick-meta":"","header-main-stick-meta":"","header-below-stick-meta":"","astra-migrate-meta-layouts":"default","ast-page-background-enabled":"default","ast-page-background-meta":{"desktop":{"background-color":"var(--ast-global-color-4)","background-image":"","background-repeat":"repeat","background-position":"center center","background-size":"auto","background-attachment":"scroll","background-type":"","background-media":"","overlay-type":"","overlay-color":"","overlay-opacity":"","overlay-gradient":""},"tablet":{"background-color":"","background-image":"","background-repeat":"repeat","background-position":"center center","background-size":"auto","background-attachment":"scroll","background-type":"","background-media":"","overlay-type":"","overlay-color":"","overlay-opacity":"","overlay-gradient":""},"mobile":{"background-color":"","background-image":"","background-repeat":"repeat","background-position":"center center","background-size":"auto","background-attachment":"scroll","background-type":"","background-media":"","overlay-type":"","overlay-color":"","overlay-opacity":"","overlay-gradient":""}},"ast-content-background-meta":{"desktop":{"background-color":"var(--ast-global-color-5)","background-image":"","background-repeat":"repeat","background-position":"center center","background-size":"auto","background-attachment":"scroll","background-type":"","background-media":"","overlay-type":"","overlay-color":"","overlay-opacity":"","overlay-gradient":""},"tablet":{"background-color":"var(--ast-global-color-5)","background-image":"","background-repeat":"repeat","background-position":"center center","background-size":"auto","background-attachment":"scroll","background-type":"","background-media":"","overlay-type":"","overlay-color":"","overlay-opacity":"","overlay-gradient":""},"mobile":{"background-color":"var(--ast-global-color-5)","background-image":"","background-repeat":"repeat","background-position":"center center","background-size":"auto","background-attachment":"scroll","background-type":"","background-media":"","overlay-type":"","overlay-color":"","overlay-opacity":"","overlay-gradient":""}}},"product_brand":[],"product_cat":[44],"product_tag":[],"class_list":{"0":"post-2070","1":"product","2":"type-product","3":"status-publish","4":"has-post-thumbnail","6":"product_cat-ataudes","7":"desktop-align-left","8":"tablet-align-left","9":"mobile-align-left","11":"first","12":"instock","13":"shipping-taxable","14":"purchasable","15":"product-type-simple"},"_links":{"self":[{"href":"https:\/\/funerar.com.ar\/demo\/wp-json\/wp\/v2\/product\/2070","targetHints":{"allow":["GET"]}}],"collection":[{"href":"https:\/\/funerar.com.ar\/demo\/wp-json\/wp\/v2\/product"}],"about":[{"href":"https:\/\/funerar.com.ar\/demo\/wp-json\/wp\/v2\/types\/product"}],"replies":[{"embeddable":true,"href":"https:\/\/funerar.com.ar\/demo\/wp-json\/wp\/v2\/comments?post=2070"}],"version-history":[{"count":0,"href":"https:\/\/funerar.com.ar\/demo\/wp-json\/wp\/v2\/product\/2070\/revisions"}],"wp:featuredmedia":[{"embeddable":true,"href":"https:\/\/funerar.com.ar\/demo\/wp-json\/wp\/v2\/media\/2069"}],"wp:attachment":[{"href":"https:\/\/funerar.com.ar\/demo\/wp-json\/wp\/v2\/media?parent=2070"}],"wp:term":[{"taxonomy":"product_brand","embeddable":true,"href":"https:\/\/funerar.com.ar\/demo\/wp-json\/wp\/v2\/product_brand?post=2070"},{"taxonomy":"product_cat","embeddable":true,"href":"https:\/\/funerar.com.ar\/demo\/wp-json\/wp\/v2\/product_cat?post=2070"},{"taxonomy":"product_tag","embeddable":true,"href":"https:\/\/funerar.com.ar\/demo\/wp-json\/wp\/v2\/product_tag?post=2070"}],"curies":[{"name":"wp","href":"https:\/\/api.w.org\/{rel}","templated":true}]}}