{"id":2081,"date":"2025-09-16T00:16:56","date_gmt":"2025-09-15T22:16:56","guid":{"rendered":"https:\/\/funerar.com.ar\/demo\/product\/urna-hande\/"},"modified":"2025-09-22T12:54:41","modified_gmt":"2025-09-22T10:54:41","slug":"urna-hande","status":"publish","type":"product","link":"https:\/\/funerar.com.ar\/demo\/product\/urna-hande\/","title":{"rendered":"Urna Hande"},"content":{"rendered":"<h2 style=\"margin: 0px 0px 10px;padding: 0px;font-weight: 400;font-family: DauphinPlain;font-size: 24px;line-height: 24px\" data-mce-style=\"margin: 0px 0px 10px; padding: 0px; font-weight: 400; font-family: DauphinPlain; font-size: 24px; line-height: 24px;\">Nereden Bulabilirim?<\/h2>\n<p>Lorem Ipsum pasajlar\u0131n\u0131n bir\u00e7ok \u00e7e\u015fitlemesi vard\u0131r. Ancak bunlar\u0131n b\u00fcy\u00fck bir \u00e7o\u011funlu\u011fu mizah kat\u0131larak veya rastgele s\u00f6zc\u00fckler eklenerek de\u011fi\u015ftirilmi\u015flerdir. E\u011fer bir Lorem Ipsum pasaj\u0131 kullanacaksan\u0131z, metin aralar\u0131na utand\u0131r\u0131c\u0131 s\u00f6zc\u00fckler gizlenmedi\u011finden emin olman\u0131z gerekir. \u0130nternet&#8217;teki t\u00fcm Lorem Ipsum\u00a0<\/p>\n","protected":false},"excerpt":{"rendered":"<p>Lorem Ipsum pasajlar\u0131n\u0131n bir\u00e7ok \u00e7e\u015fitlemesi vard\u0131r. Ancak bunlar\u0131n b\u00fcy\u00fck bir \u00e7o\u011funlu\u011fu mizah kat\u0131larak veya rastgele s\u00f6zc\u00fckler eklenerek de\u011fi\u015ftirilmi\u015flerdir. E\u011fer bir Lorem Ipsum pasaj\u0131 kullanacaksan\u0131z<\/p>\n","protected":false},"featured_media":2080,"comment_status":"open","ping_status":"closed","template":"","meta":{"site-sidebar-layout":"default","site-content-layout":"","ast-site-content-layout":"default","site-content-style":"default","site-sidebar-style":"default","ast-global-header-display":"","ast-banner-title-visibility":"","ast-main-header-display":"","ast-hfb-above-header-display":"","ast-hfb-below-header-display":"","ast-hfb-mobile-header-display":"","site-post-title":"","ast-breadcrumbs-content":"","ast-featured-img":"","footer-sml-layout":"","ast-disable-related-posts":"","theme-transparent-header-meta":"","adv-header-id-meta":"","stick-header-meta":"","header-above-stick-meta":"","header-main-stick-meta":"","header-below-stick-meta":"","astra-migrate-meta-layouts":"default","ast-page-background-enabled":"default","ast-page-background-meta":{"desktop":{"background-color":"var(--ast-global-color-4)","background-image":"","background-repeat":"repeat","background-position":"center center","background-size":"auto","background-attachment":"scroll","background-type":"","background-media":"","overlay-type":"","overlay-color":"","overlay-opacity":"","overlay-gradient":""},"tablet":{"background-color":"","background-image":"","background-repeat":"repeat","background-position":"center center","background-size":"auto","background-attachment":"scroll","background-type":"","background-media":"","overlay-type":"","overlay-color":"","overlay-opacity":"","overlay-gradient":""},"mobile":{"background-color":"","background-image":"","background-repeat":"repeat","background-position":"center center","background-size":"auto","background-attachment":"scroll","background-type":"","background-media":"","overlay-type":"","overlay-color":"","overlay-opacity":"","overlay-gradient":""}},"ast-content-background-meta":{"desktop":{"background-color":"var(--ast-global-color-5)","background-image":"","background-repeat":"repeat","background-position":"center center","background-size":"auto","background-attachment":"scroll","background-type":"","background-media":"","overlay-type":"","overlay-color":"","overlay-opacity":"","overlay-gradient":""},"tablet":{"background-color":"var(--ast-global-color-5)","background-image":"","background-repeat":"repeat","background-position":"center center","background-size":"auto","background-attachment":"scroll","background-type":"","background-media":"","overlay-type":"","overlay-color":"","overlay-opacity":"","overlay-gradient":""},"mobile":{"background-color":"var(--ast-global-color-5)","background-image":"","background-repeat":"repeat","background-position":"center center","background-size":"auto","background-attachment":"scroll","background-type":"","background-media":"","overlay-type":"","overlay-color":"","overlay-opacity":"","overlay-gradient":""}}},"product_brand":[],"product_cat":[51],"product_tag":[],"class_list":{"0":"post-2081","1":"product","2":"type-product","3":"status-publish","4":"has-post-thumbnail","6":"product_cat-urnas","7":"desktop-align-left","8":"tablet-align-left","9":"mobile-align-left","11":"first","12":"instock","13":"sale","14":"shipping-taxable","15":"purchasable","16":"product-type-simple"},"_links":{"self":[{"href":"https:\/\/funerar.com.ar\/demo\/wp-json\/wp\/v2\/product\/2081","targetHints":{"allow":["GET"]}}],"collection":[{"href":"https:\/\/funerar.com.ar\/demo\/wp-json\/wp\/v2\/product"}],"about":[{"href":"https:\/\/funerar.com.ar\/demo\/wp-json\/wp\/v2\/types\/product"}],"replies":[{"embeddable":true,"href":"https:\/\/funerar.com.ar\/demo\/wp-json\/wp\/v2\/comments?post=2081"}],"version-history":[{"count":1,"href":"https:\/\/funerar.com.ar\/demo\/wp-json\/wp\/v2\/product\/2081\/revisions"}],"predecessor-version":[{"id":2237,"href":"https:\/\/funerar.com.ar\/demo\/wp-json\/wp\/v2\/product\/2081\/revisions\/2237"}],"wp:featuredmedia":[{"embeddable":true,"href":"https:\/\/funerar.com.ar\/demo\/wp-json\/wp\/v2\/media\/2080"}],"wp:attachment":[{"href":"https:\/\/funerar.com.ar\/demo\/wp-json\/wp\/v2\/media?parent=2081"}],"wp:term":[{"taxonomy":"product_brand","embeddable":true,"href":"https:\/\/funerar.com.ar\/demo\/wp-json\/wp\/v2\/product_brand?post=2081"},{"taxonomy":"product_cat","embeddable":true,"href":"https:\/\/funerar.com.ar\/demo\/wp-json\/wp\/v2\/product_cat?post=2081"},{"taxonomy":"product_tag","embeddable":true,"href":"https:\/\/funerar.com.ar\/demo\/wp-json\/wp\/v2\/product_tag?post=2081"}],"curies":[{"name":"wp","href":"https:\/\/api.w.org\/{rel}","templated":true}]}}