{"id":2086,"date":"2025-09-16T00:21:55","date_gmt":"2025-09-15T22:21:55","guid":{"rendered":"https:\/\/funerar.com.ar\/demo\/product\/pedestal-tipo1\/"},"modified":"2025-09-16T00:21:55","modified_gmt":"2025-09-15T22:21:55","slug":"pedestal-tipo1","status":"publish","type":"product","link":"https:\/\/funerar.com.ar\/demo\/product\/pedestal-tipo1\/","title":{"rendered":"Pedestal Tipo1"},"content":{"rendered":"<h2 style=\"margin: 0px 0px 10px;padding: 0px;font-weight: 400;font-family: DauphinPlain;font-size: 24px;line-height: 24px\">Neden Kullan\u0131r\u0131z?<\/h2>\n<p>Yinelenen bir sayfa i\u00e7eri\u011finin okuyucunun dikkatini da\u011f\u0131tt\u0131\u011f\u0131 bilinen bir ger\u00e7ektir. Lorem Ipsum kullanman\u0131n amac\u0131, s\u00fcrekli &#8216;buraya metin gelecek, buraya metin gelecek&#8217; yazmaya k\u0131yasla daha dengeli bir harf da\u011f\u0131l\u0131m\u0131 sa\u011flayarak okunurlu\u011fu art\u0131rmas\u0131d\u0131r. \u015eu anda bir\u00e7ok masa\u00fcst\u00fc yay\u0131nc\u0131l\u0131k paketi ve web sayfa d\u00fczenleyicisi, varsay\u0131lan<\/p>\n","protected":false},"excerpt":{"rendered":"<p>Yinelenen bir sayfa i\u00e7eri\u011finin okuyucunun dikkatini da\u011f\u0131tt\u0131\u011f\u0131 bilinen bir ger\u00e7ektir. Lorem Ipsum kullanman\u0131n amac\u0131, s\u00fcrekli &#8216;buraya metin gelecek, buraya metin gelecek&#8217; yazmaya k\u0131yasla daha dengeli bir harf da\u011f\u0131l\u0131m\u0131 sa\u011flayarak okunurlu\u011fu art\u0131rmas\u0131d\u0131r. \u015eu anda bir\u00e7ok masa\u00fcst\u00fc yay\u0131nc\u0131l\u0131k paketi ve web sayfa d\u00fczenleyicisi, varsay\u0131lan<\/p>\n","protected":false},"featured_media":2085,"comment_status":"open","ping_status":"closed","template":"","meta":{"site-sidebar-layout":"default","site-content-layout":"","ast-site-content-layout":"default","site-content-style":"default","site-sidebar-style":"default","ast-global-header-display":"","ast-banner-title-visibility":"","ast-main-header-display":"","ast-hfb-above-header-display":"","ast-hfb-below-header-display":"","ast-hfb-mobile-header-display":"","site-post-title":"","ast-breadcrumbs-content":"","ast-featured-img":"","footer-sml-layout":"","ast-disable-related-posts":"","theme-transparent-header-meta":"","adv-header-id-meta":"","stick-header-meta":"","header-above-stick-meta":"","header-main-stick-meta":"","header-below-stick-meta":"","astra-migrate-meta-layouts":"default","ast-page-background-enabled":"default","ast-page-background-meta":{"desktop":{"background-color":"var(--ast-global-color-4)","background-image":"","background-repeat":"repeat","background-position":"center center","background-size":"auto","background-attachment":"scroll","background-type":"","background-media":"","overlay-type":"","overlay-color":"","overlay-opacity":"","overlay-gradient":""},"tablet":{"background-color":"","background-image":"","background-repeat":"repeat","background-position":"center center","background-size":"auto","background-attachment":"scroll","background-type":"","background-media":"","overlay-type":"","overlay-color":"","overlay-opacity":"","overlay-gradient":""},"mobile":{"background-color":"","background-image":"","background-repeat":"repeat","background-position":"center center","background-size":"auto","background-attachment":"scroll","background-type":"","background-media":"","overlay-type":"","overlay-color":"","overlay-opacity":"","overlay-gradient":""}},"ast-content-background-meta":{"desktop":{"background-color":"var(--ast-global-color-5)","background-image":"","background-repeat":"repeat","background-position":"center center","background-size":"auto","background-attachment":"scroll","background-type":"","background-media":"","overlay-type":"","overlay-color":"","overlay-opacity":"","overlay-gradient":""},"tablet":{"background-color":"var(--ast-global-color-5)","background-image":"","background-repeat":"repeat","background-position":"center center","background-size":"auto","background-attachment":"scroll","background-type":"","background-media":"","overlay-type":"","overlay-color":"","overlay-opacity":"","overlay-gradient":""},"mobile":{"background-color":"var(--ast-global-color-5)","background-image":"","background-repeat":"repeat","background-position":"center center","background-size":"auto","background-attachment":"scroll","background-type":"","background-media":"","overlay-type":"","overlay-color":"","overlay-opacity":"","overlay-gradient":""}}},"product_brand":[],"product_cat":[45],"product_tag":[],"class_list":{"0":"post-2086","1":"product","2":"type-product","3":"status-publish","4":"has-post-thumbnail","6":"product_cat-agenerales","7":"desktop-align-left","8":"tablet-align-left","9":"mobile-align-left","11":"first","12":"instock","13":"shipping-taxable","14":"purchasable","15":"product-type-simple"},"_links":{"self":[{"href":"https:\/\/funerar.com.ar\/demo\/wp-json\/wp\/v2\/product\/2086","targetHints":{"allow":["GET"]}}],"collection":[{"href":"https:\/\/funerar.com.ar\/demo\/wp-json\/wp\/v2\/product"}],"about":[{"href":"https:\/\/funerar.com.ar\/demo\/wp-json\/wp\/v2\/types\/product"}],"replies":[{"embeddable":true,"href":"https:\/\/funerar.com.ar\/demo\/wp-json\/wp\/v2\/comments?post=2086"}],"version-history":[{"count":0,"href":"https:\/\/funerar.com.ar\/demo\/wp-json\/wp\/v2\/product\/2086\/revisions"}],"wp:featuredmedia":[{"embeddable":true,"href":"https:\/\/funerar.com.ar\/demo\/wp-json\/wp\/v2\/media\/2085"}],"wp:attachment":[{"href":"https:\/\/funerar.com.ar\/demo\/wp-json\/wp\/v2\/media?parent=2086"}],"wp:term":[{"taxonomy":"product_brand","embeddable":true,"href":"https:\/\/funerar.com.ar\/demo\/wp-json\/wp\/v2\/product_brand?post=2086"},{"taxonomy":"product_cat","embeddable":true,"href":"https:\/\/funerar.com.ar\/demo\/wp-json\/wp\/v2\/product_cat?post=2086"},{"taxonomy":"product_tag","embeddable":true,"href":"https:\/\/funerar.com.ar\/demo\/wp-json\/wp\/v2\/product_tag?post=2086"}],"curies":[{"name":"wp","href":"https:\/\/api.w.org\/{rel}","templated":true}]}}